{"id":863,"date":"2018-10-29T17:15:11","date_gmt":"2018-10-29T15:15:11","guid":{"rendered":"http:\/\/www.perlatours.com\/?page_id=863"},"modified":"2018-11-02T17:22:26","modified_gmt":"2018-11-02T15:22:26","slug":"partners","status":"publish","type":"page","link":"https:\/\/www.perlatours.com\/en\/partners\/","title":{"rendered":"Partners"},"content":{"rendered":"<p>[et_pb_section bb_built=&#8221;1&#8243; next_background_color=&#8221;#000000&#8243;][et_pb_row][et_pb_column type=&#8221;1_3&#8243;][et_pb_text _builder_version=&#8221;3.16.1&#8243;]<\/p>\n<p>Amazing services, with top equipment and with a huge ambition to enhance without limits the profitability of your business. This is how hotels which are already part of our family work.<\/p>\n<p>We help them to be in the right place at the right time, and together we provide the best conditions to take place.<\/p>\n<p>We have everything ready to offer your services to tour operators, travel agencies and travellers from all over the world. This way your services are available right when they need it.<\/p>\n<p>[\/et_pb_text][et_pb_text _builder_version=&#8221;3.16.1&#8243;]<\/p>\n<h1 style=\"text-align: center;\">Contact us!<\/h1>\n<p style=\"text-align: center;\">And let&#8217;s think big.<\/p>\n<p>[\/et_pb_text][et_pb_button _builder_version=&#8221;3.16.1&#8243; button_text=&#8221;Let&#8217;s start!&#8221; custom_css_main_element=&#8221;font-size: 12px;||text-align: center;&#8221; saved_tabs=&#8221;all&#8221; button_alignment=&#8221;center&#8221; button_url=&#8221;http:\/\/www.perlatours.com\/en\/contact-details\/&#8221; \/][\/et_pb_column][et_pb_column type=&#8221;2_3&#8243;][et_pb_slider _builder_version=&#8221;3.16.1&#8243;][et_pb_slide _builder_version=&#8221;3.16.1&#8243; button_link=&#8221;#&#8221; url_new_window=&#8221;off&#8221; link_option_url_new_window=&#8221;off&#8221; background_color=&#8221;#ff6b00&#8243; use_background_color_gradient=&#8221;off&#8221; background_color_gradient_start=&#8221;#2b87da&#8221; background_color_gradient_end=&#8221;#29c4a9&#8243; background_color_gradient_type=&#8221;linear&#8221; background_color_gradient_direction=&#8221;180deg&#8221; background_color_gradient_direction_radial=&#8221;center&#8221; background_color_gradient_start_position=&#8221;0%&#8221; background_color_gradient_end_position=&#8221;100%&#8221; background_color_gradient_overlays_image=&#8221;off&#8221; background_image=&#8221;http:\/\/www.perlatours.com\/wp-content\/uploads\/2018\/10\/hotel.jpg&#8221; parallax=&#8221;off&#8221; parallax_method=&#8221;on&#8221; background_size=&#8221;cover&#8221; background_position=&#8221;center&#8221; background_repeat=&#8221;no-repeat&#8221; background_blend=&#8221;normal&#8221; allow_player_pause=&#8221;off&#8221; background_video_pause_outside_viewport=&#8221;on&#8221; use_bg_overlay=&#8221;off&#8221; use_text_overlay=&#8221;off&#8221; text_border_radius=&#8221;3&#8243; alignment=&#8221;center&#8221; child_filter_hue_rotate=&#8221;0deg&#8221; child_filter_saturate=&#8221;100%&#8221; child_filter_brightness=&#8221;100%&#8221; child_filter_contrast=&#8221;100%&#8221; child_filter_invert=&#8221;0%&#8221; child_filter_sepia=&#8221;0%&#8221; child_filter_opacity=&#8221;100%&#8221; child_filter_blur=&#8221;0px&#8221; child_mix_blend_mode=&#8221;normal&#8221; background_layout=&#8221;dark&#8221; text_shadow_style=&#8221;none&#8221; header_text_shadow_style=&#8221;none&#8221; body_text_shadow_style=&#8221;none&#8221; custom_button=&#8221;off&#8221; button_bg_use_color_gradient=&#8221;off&#8221; button_bg_color_gradient_overlays_image=&#8221;off&#8221; button_use_icon=&#8221;on&#8221; button_on_hover=&#8221;on&#8221; button_text_shadow_style=&#8221;none&#8221; box_shadow_style_button=&#8221;none&#8221; hover_transition_duration=&#8221;300ms&#8221; hover_transition_delay=&#8221;0ms&#8221; hover_transition_speed_curve=&#8221;ease&#8221; text_shadow_horizontal_length=&#8221;0em&#8221; text_shadow_vertical_length=&#8221;0em&#8221; text_shadow_blur_strength=&#8221;0em&#8221; header_text_shadow_horizontal_length=&#8221;0em&#8221; header_text_shadow_vertical_length=&#8221;0em&#8221; header_text_shadow_blur_strength=&#8221;0em&#8221; body_text_shadow_horizontal_length=&#8221;0em&#8221; body_text_shadow_vertical_length=&#8221;0em&#8221; body_text_shadow_blur_strength=&#8221;0em&#8221; button_text_shadow_horizontal_length=&#8221;0em&#8221; button_text_shadow_vertical_length=&#8221;0em&#8221; button_text_shadow_blur_strength=&#8221;0em&#8221; custom_padding=&#8221;16em|16em|16em|16em&#8221; custom_padding_tablet=&#8221;5em|5em|5em|5em&#8221; custom_padding_phone=&#8221;5em|5em|5em|5em&#8221; \/][\/et_pb_slider][\/et_pb_column][\/et_pb_row][\/et_pb_section][et_pb_section bb_built=&#8221;1&#8243; specialty=&#8221;off&#8221; prev_background_color=&#8221;#ffffff&#8221; _builder_version=&#8221;3.16.1&#8243; background_image=&#8221;http:\/\/www.perlatours.com\/wp-content\/uploads\/2018\/10\/bg-partners.jpg&#8221; next_background_color=&#8221;#ffffff&#8221;][et_pb_row][et_pb_column type=&#8221;1_2&#8243;][et_pb_text _builder_version=&#8221;3.16.1&#8243; background_layout=&#8221;dark&#8221;]<\/p>\n<h1>All the details of <em>perlatours<\/em>, for when you&#8217;re not online.<\/h1>\n<p><strong>So that you have us always on our hands!<\/strong><\/p>\n<p>[\/et_pb_text][\/et_pb_column][et_pb_column type=&#8221;1_2&#8243;][et_pb_image _builder_version=&#8221;3.16.1&#8243; src=&#8221;http:\/\/www.perlatours.com\/wp-content\/uploads\/2018\/10\/header-home.jpg&#8221; \/][\/et_pb_column][\/et_pb_row][et_pb_row][et_pb_column type=&#8221;1_3&#8243;][\/et_pb_column][et_pb_column type=&#8221;1_3&#8243;][et_pb_button _builder_version=&#8221;3.16.1&#8243; button_text=&#8221;Download presentation&#8221; custom_css_main_element=&#8221;font-size: 12px;||color: #ffffff !important;||text-align: center;||border-color: #ffffff !important;&#8221; saved_tabs=&#8221;all&#8221; button_url=&#8221;http:\/\/www.perlatours.com\/wp-content\/uploads\/2018\/11\/maquetacio\u0301-presentacio\u0301-partners_EN.pdf&#8221; url_new_window=&#8221;on&#8221; \/][\/et_pb_column][et_pb_column type=&#8221;1_3&#8243;][\/et_pb_column][\/et_pb_row][\/et_pb_section][et_pb_section bb_built=&#8221;1&#8243; specialty=&#8221;off&#8221; _builder_version=&#8221;3.16.1&#8243; prev_background_color=&#8221;#000000&#8243;][et_pb_row][et_pb_column type=&#8221;1_4&#8243;][et_pb_text _builder_version=&#8221;3.16.1&#8243;]<\/p>\n<h1>Those who know us say\u2026<\/h1>\n<p>[\/et_pb_text][\/et_pb_column][et_pb_column type=&#8221;3_4&#8243;][et_pb_text _builder_version=&#8221;3.16.1&#8243;]<\/p>\n<div class=\"strong-view strong-view-id-2 default wpmtst-default no-quotes slider-container slider-mode-horizontal slider-adaptive\" data-count=5 data-slider-var=strong_slider_id_2 data-state=idle><div class=\"strong-content strong-grid wpmslider-content\"><div class=\"wpmtst-testimonial testimonial t-slide post-1079\"><div class=\"wpmtst-testimonial-inner testimonial-inner\"><div data-infinite-loop=\"false\"   class=\"wpmtst-testimonial-content testimonial-content\"><div class=\"wpmtst-testimonial-image testimonial-image\"><img width=\"150\" height=\"150\" src=\"https:\/\/www.perlatours.com\/wp-content\/uploads\/2018\/10\/Logo_AMAZoNIA_SIMBOLO-150x150.jpg\" class=\"attachment-thumbnail size-thumbnail wp-post-image\" alt=\"\" loading=\"lazy\" srcset=\"https:\/\/www.perlatours.com\/wp-content\/uploads\/2018\/10\/Logo_AMAZoNIA_SIMBOLO-150x150.jpg 150w, https:\/\/www.perlatours.com\/wp-content\/uploads\/2018\/10\/Logo_AMAZoNIA_SIMBOLO-300x300.jpg 300w, https:\/\/www.perlatours.com\/wp-content\/uploads\/2018\/10\/Logo_AMAZoNIA_SIMBOLO-768x768.jpg 768w, https:\/\/www.perlatours.com\/wp-content\/uploads\/2018\/10\/Logo_AMAZoNIA_SIMBOLO-1024x1024.jpg 1024w, https:\/\/www.perlatours.com\/wp-content\/uploads\/2018\/10\/Logo_AMAZoNIA_SIMBOLO-75x75.jpg 75w, https:\/\/www.perlatours.com\/wp-content\/uploads\/2018\/10\/Logo_AMAZoNIA_SIMBOLO-1080x1080.jpg 1080w, https:\/\/www.perlatours.com\/wp-content\/uploads\/2018\/10\/Logo_AMAZoNIA_SIMBOLO.jpg 1594w\" sizes=\"(max-width: 150px) 100vw, 150px\" \/><\/div><div class=\"maybe-clear\"><\/div><p>A Perla Tours \u00e9 um parceiro de excel\u00eancia dos Hot\u00e9is Amz\u00f3nia desde h\u00e1 v\u00e1rios anos, e desde h\u00e1 v\u00e1rios anos que gostamos imenso de trabalhar com eles. Esperamos que esta pr\u00f3spera parceria continue por muito mais tempo<\/p><\/div><div class=\"clear\"><\/div><\/div><\/div><div class=\"wpmtst-testimonial testimonial t-slide post-1080\"><div class=\"wpmtst-testimonial-inner testimonial-inner\"><div data-infinite-loop=\"false\"   class=\"wpmtst-testimonial-content testimonial-content\"><div class=\"wpmtst-testimonial-image testimonial-image\"><img width=\"150\" height=\"150\" src=\"https:\/\/www.perlatours.com\/wp-content\/uploads\/2018\/10\/Logo-Monarque-1-e1540828178789-150x150.bmp\" class=\"attachment-thumbnail size-thumbnail wp-post-image\" alt=\"\" loading=\"lazy\" srcset=\"https:\/\/www.perlatours.com\/wp-content\/uploads\/2018\/10\/Logo-Monarque-1-e1540828178789-150x150.bmp 150w, https:\/\/www.perlatours.com\/wp-content\/uploads\/2018\/10\/Logo-Monarque-1-e1540828178789-75x75.bmp 75w\" sizes=\"(max-width: 150px) 100vw, 150px\" \/><\/div><div class=\"maybe-clear\"><\/div><p>Perla Tours, they are one of our best partners, as they bring us markets that we don\u2019t have before, also they are very professionals.\u2028Efficiency with the payments and a team that is easy to work and very flexible.<\/p><\/div><div class=\"clear\"><\/div><\/div><\/div><div class=\"wpmtst-testimonial testimonial t-slide post-1081\"><div class=\"wpmtst-testimonial-inner testimonial-inner\"><div data-infinite-loop=\"false\"   class=\"wpmtst-testimonial-content testimonial-content\"><div class=\"wpmtst-testimonial-image testimonial-image\"><img width=\"150\" height=\"150\" src=\"https:\/\/www.perlatours.com\/wp-content\/uploads\/2018\/10\/Grup_Frigola_red-150x150.png\" class=\"attachment-thumbnail size-thumbnail wp-post-image\" alt=\"\" loading=\"lazy\" srcset=\"https:\/\/www.perlatours.com\/wp-content\/uploads\/2018\/10\/Grup_Frigola_red-150x150.png 150w, https:\/\/www.perlatours.com\/wp-content\/uploads\/2018\/10\/Grup_Frigola_red-298x300.png 298w, https:\/\/www.perlatours.com\/wp-content\/uploads\/2018\/10\/Grup_Frigola_red-768x773.png 768w, https:\/\/www.perlatours.com\/wp-content\/uploads\/2018\/10\/Grup_Frigola_red-75x75.png 75w, https:\/\/www.perlatours.com\/wp-content\/uploads\/2018\/10\/Grup_Frigola_red.png 783w\" sizes=\"(max-width: 150px) 100vw, 150px\" \/><\/div><div class=\"maybe-clear\"><\/div><p>We work with Perla Tours as they are a very trustfully company, with them we are growning every year.\u2028They are professional and responsibles with a great team, who help us every time we need.<\/p><\/div><div class=\"clear\"><\/div><\/div><\/div><div class=\"wpmtst-testimonial testimonial t-slide post-1082\"><div class=\"wpmtst-testimonial-inner testimonial-inner\"><div data-infinite-loop=\"false\"   class=\"wpmtst-testimonial-content testimonial-content\"><div class=\"wpmtst-testimonial-image testimonial-image\"><img width=\"150\" height=\"150\" src=\"https:\/\/www.perlatours.com\/wp-content\/uploads\/2018\/10\/Logo-Guitart-Hotels-150x150.png\" class=\"attachment-thumbnail size-thumbnail wp-post-image\" alt=\"\" loading=\"lazy\" srcset=\"https:\/\/www.perlatours.com\/wp-content\/uploads\/2018\/10\/Logo-Guitart-Hotels-150x150.png 150w, https:\/\/www.perlatours.com\/wp-content\/uploads\/2018\/10\/Logo-Guitart-Hotels-300x300.png 300w, https:\/\/www.perlatours.com\/wp-content\/uploads\/2018\/10\/Logo-Guitart-Hotels-75x75.png 75w, https:\/\/www.perlatours.com\/wp-content\/uploads\/2018\/10\/Logo-Guitart-Hotels.png 541w\" sizes=\"(max-width: 150px) 100vw, 150px\" \/><\/div><div class=\"maybe-clear\"><\/div><p>At Guitart Hotels, we like to work with Perla Tours, as they bring us an interesting quantity of clients.\u2028Is a very dynamic and professional agency that bring us a completly trust.\u2028Also they have a big potential of business<\/p><\/div><div class=\"clear\"><\/div><\/div><\/div><div class=\"wpmtst-testimonial testimonial t-slide post-1083\"><div class=\"wpmtst-testimonial-inner testimonial-inner\"><div data-infinite-loop=\"false\"   class=\"wpmtst-testimonial-content testimonial-content\"><div class=\"wpmtst-testimonial-image testimonial-image\"><img width=\"150\" height=\"33\" src=\"https:\/\/www.perlatours.com\/wp-content\/uploads\/2018\/10\/LOGO_HTOP_2017-pdf-150x33.jpg\" class=\"attachment-thumbnail size-thumbnail wp-post-image\" alt=\"\" loading=\"lazy\" \/><\/div><div class=\"maybe-clear\"><\/div><p>Trabajamos con Perlatours desde hace a\u00f1os. Nos gusta su flexibilidad, trato personalizado, cercan\u00eda, con toma de decisiones r\u00e1pidas y din\u00e1micas.<br \/>\nEs un equipo profesional con alto conocimiento de los destinos y los clientes.Tecnol\u00f3gicamente hablando est\u00e1n a la altura de los m\u00e1s grandes del sector.<\/p><\/div><div class=\"clear\"><\/div><\/div><\/div><\/div><\/div>\n<p>[\/et_pb_text][\/et_pb_column][\/et_pb_row][\/et_pb_section]<\/p>\n","protected":false},"excerpt":{"rendered":"<p><div class=\"et_pb_row et_pb_row_0 et_pb_row_empty\">\n\t\t\t\t\n\t\t\t\t\n\t\t\t\t\n\t\t\t<\/div> <!-- .et_pb_row --> Amazing services, with top equipment and with a huge ambition to enhance without limits the profitability of your business. This is how hotels which are already part of our family work. We help them to be in the right place at the right time, and together we provide the best conditions to take place. [&hellip;]<\/p>\n","protected":false},"author":1,"featured_media":0,"parent":0,"menu_order":0,"comment_status":"closed","ping_status":"closed","template":"","meta":{"_et_pb_use_builder":"on","_et_pb_old_content":"","_et_gb_content_width":""},"_links":{"self":[{"href":"https:\/\/www.perlatours.com\/en\/wp-json\/wp\/v2\/pages\/863\/"}],"collection":[{"href":"https:\/\/www.perlatours.com\/en\/wp-json\/wp\/v2\/pages\/"}],"about":[{"href":"https:\/\/www.perlatours.com\/en\/wp-json\/wp\/v2\/types\/page\/"}],"author":[{"embeddable":true,"href":"https:\/\/www.perlatours.com\/en\/wp-json\/wp\/v2\/users\/1\/"}],"replies":[{"embeddable":true,"href":"https:\/\/www.perlatours.com\/en\/wp-json\/wp\/v2\/comments\/?post=863"}],"version-history":[{"count":10,"href":"https:\/\/www.perlatours.com\/en\/wp-json\/wp\/v2\/pages\/863\/revisions\/"}],"predecessor-version":[{"id":1098,"href":"https:\/\/www.perlatours.com\/en\/wp-json\/wp\/v2\/pages\/863\/revisions\/1098\/"}],"wp:attachment":[{"href":"https:\/\/www.perlatours.com\/en\/wp-json\/wp\/v2\/media\/?parent=863"}],"curies":[{"name":"wp","href":"https:\/\/api.w.org\/{rel}","templated":true}]}}